{"id":843,"date":"2023-10-16T15:37:18","date_gmt":"2023-10-16T15:37:18","guid":{"rendered":"https:\/\/escapis.cat\/declaracion-de-accesibilidad\/"},"modified":"2024-09-09T13:07:21","modified_gmt":"2024-09-09T11:07:21","slug":"declaracio-daccessibilitat","status":"publish","type":"page","link":"https:\/\/www.escapis.cat\/ca\/declaracio-daccessibilitat\/","title":{"rendered":"Declaraci\u00f3 d&#8217;accessibilitat"},"content":{"rendered":"<p><div class=\"fusion-fullwidth fullwidth-box fusion-builder-row-1 fusion-flex-container has-pattern-background has-mask-background nonhundred-percent-fullwidth non-hundred-percent-height-scrolling\" style=\"--awb-border-radius-top-left:0px;--awb-border-radius-top-right:0px;--awb-border-radius-bottom-right:0px;--awb-border-radius-bottom-left:0px;--awb-padding-top:50px;--awb-padding-bottom:0px;--awb-padding-bottom-medium:21px;--awb-padding-top-small:73px;--awb-padding-bottom-small:32px;--awb-background-color:var(--awb-color3);--awb-flex-wrap:wrap;\" ><div class=\"fusion-builder-row fusion-row fusion-flex-align-items-flex-start fusion-flex-content-wrap\" style=\"max-width:1248px;margin-left: calc(-4% \/ 2 );margin-right: calc(-4% \/ 2 );\"><div class=\"fusion-layout-column fusion_builder_column fusion-builder-column-0 fusion_builder_column_1_1 1_1 fusion-flex-column\" style=\"--awb-bg-size:cover;--awb-width-large:100%;--awb-margin-top-large:0px;--awb-spacing-right-large:1.92%;--awb-margin-bottom-large:70px;--awb-spacing-left-large:1.92%;--awb-width-medium:100%;--awb-order-medium:0;--awb-spacing-right-medium:1.92%;--awb-spacing-left-medium:1.92%;--awb-width-small:100%;--awb-order-small:0;--awb-spacing-right-small:1.92%;--awb-spacing-left-small:1.92%;\"><div class=\"fusion-column-wrapper fusion-column-has-shadow fusion-flex-justify-content-flex-start fusion-content-layout-row\"><nav class=\"fusion-breadcrumbs awb-yoast-breadcrumbs fusion-breadcrumbs-1\" style=\"--awb-font-size:16px;--awb-text-color:#6e6e6e;--awb-breadcrumb-sep:&#039;\/&#039;;\" aria-label=\"Breadcrumb\"><span><span><a href=\"https:\/\/www.escapis.cat\/ca\/\">Inici<\/a><\/span><\/span><\/nav><\/div><\/div><\/div><\/div><div class=\"fusion-fullwidth fullwidth-box fusion-builder-row-2 fusion-flex-container has-pattern-background has-mask-background nonhundred-percent-fullwidth non-hundred-percent-height-scrolling\" style=\"--awb-border-radius-top-left:0px;--awb-border-radius-top-right:0px;--awb-border-radius-bottom-right:0px;--awb-border-radius-bottom-left:0px;--awb-padding-bottom:179px;--awb-background-color:var(--awb-color3);--awb-flex-wrap:wrap;\" ><div class=\"fusion-builder-row fusion-row fusion-flex-align-items-flex-start fusion-flex-content-wrap\" style=\"max-width:1248px;margin-left: calc(-4% \/ 2 );margin-right: calc(-4% \/ 2 );\"><div class=\"fusion-layout-column fusion_builder_column fusion-builder-column-1 fusion_builder_column_1_1 1_1 fusion-flex-column\" style=\"--awb-bg-size:cover;--awb-width-large:100%;--awb-margin-top-large:0px;--awb-spacing-right-large:1.92%;--awb-margin-bottom-large:20px;--awb-spacing-left-large:1.92%;--awb-width-medium:100%;--awb-order-medium:0;--awb-spacing-right-medium:1.92%;--awb-spacing-left-medium:1.92%;--awb-width-small:100%;--awb-order-small:0;--awb-spacing-right-small:1.92%;--awb-spacing-left-small:1.92%;\"><div class=\"fusion-column-wrapper fusion-column-has-shadow fusion-flex-justify-content-flex-start fusion-content-layout-column\"><div class=\"fusion-title title fusion-title-1 fusion-sep-none fusion-title-text fusion-title-size-two\"><h2 class=\"fusion-title-heading title-heading-left fusion-responsive-typography-calculated\" style=\"font-family:&quot;Source Sans 3&quot;;font-style:normal;font-weight:700;margin:0;--fontSize:40;line-height:var(--awb-typography1-line-height);\">Declaraci\u00f3n de accessibilitat<\/h2><\/div><\/div><\/div><div class=\"fusion-layout-column fusion_builder_column fusion-builder-column-2 fusion_builder_column_5_6 5_6 fusion-flex-column\" style=\"--awb-bg-size:cover;--awb-width-large:83.333333333333%;--awb-margin-top-large:0px;--awb-spacing-right-large:2.304%;--awb-margin-bottom-large:20px;--awb-spacing-left-large:2.304%;--awb-width-medium:83.333333333333%;--awb-order-medium:0;--awb-spacing-right-medium:2.304%;--awb-spacing-left-medium:2.304%;--awb-width-small:100%;--awb-order-small:0;--awb-spacing-right-small:1.92%;--awb-spacing-left-small:1.92%;\"><div class=\"fusion-column-wrapper fusion-column-has-shadow fusion-flex-justify-content-flex-start fusion-content-layout-column\"><div class=\"fusion-text fusion-text-1\"><p>EGAMECOURT, SL, s&#8217;ha comprom\u00e8s a fer accessible el vostre lloc web, de conformitat amb el <a href=\"https:\/\/www.boe.es\/eli\/es\/rd\/2018\/09\/07\/1112\/con\">Reial Decret 1112\/2018, de 7 de setembre, sobre accessibilitat dels llocs web i aplicacions per a dispositius m\u00f2bils del sector p\u00fablic<\/a>.<\/p>\n<p>Aquesta declaraci\u00f3 d&#8217;accessibilitat s&#8217;aplica al web <a href=\"https:\/\/www.escapis.cat\/\">https:\/\/www.escapis.cat\/<\/a>.<\/p>\n<p><strong>Situaci\u00f3 del compliment<\/strong><\/p>\n<p>Aquest lloc web \u00e9s parcialment conforme amb el Reial decret 1112\/2018, de 7 de setembre, a causa de la manca de conformitat dels aspectes que s&#8217;indiquen a continuaci\u00f3.<\/p>\n<p><strong>Contingut no accessible<\/strong><\/p>\n<p>El contingut que es recull a continuaci\u00f3 no \u00e9s accessible pel seg\u00fcent:<\/p>\n<p>1. Manca de conformitat amb el RD 1112\/2018:<\/p>\n<ul>\n<li>Els nivells dels titulars en algunes p\u00e0gines poden no ser consecutius H1, H2, H3\u2026<\/li>\n<li>Alguns dels components web poden no tenir un atribut aria-label<\/li>\n<li>Alguns titulars poden no passar el contrast nivell AAA<\/li>\n<li>Poden trobar-se textos en qu\u00e8 l&#8217;al\u00e7ada de la l\u00ednia no sigui equivalent a l&#8217;1,5 la mida de la font o l&#8217;espaiat entre par\u00e0grafs d&#8217;almenys 2 vegades la mida de la font.<\/li>\n<\/ul>\n<p>2. C\u00e0rrega desproporcionada:<\/p>\n<ul>\n<li><strong>No aplica<\/strong><\/li>\n<\/ul>\n<p>3. El contingut no entra dins de l&#8217;\u00e0mbit de la legislaci\u00f3 aplicable<\/p>\n<ul>\n<li><strong>No aplica<\/strong><\/li>\n<\/ul>\n<p><strong>Preparaci\u00f3 d&#8217;aquesta declaraci\u00f3 d&#8217;accessibilitat<\/strong><\/p>\n<p>Aquesta declaraci\u00f3 va ser preparada el 17 d&#8217;octubre del 2023. El m\u00e8tode emprat per preparar la declaraci\u00f3 ha estat una autoavaluaci\u00f3 duta a terme pel mateix organisme. \u00daltima revisi\u00f3 de la declaraci\u00f3: 17 de gener del 2024.<\/p>\n<p><strong>Observacions i dades de contacte<\/strong><\/p>\n<p>Estem compromesos a continuar millorant l&#8217;accessibilitat del nostre lloc web per garantir una experi\u00e8ncia satisfact\u00f2ria per a tots els nostres usuaris.<\/p>\n<p>Si trobeu algun problema o teniu algun suggeriment sobre com podem complir els requisits d&#8217;accessibilitat (article 10.2.a) del RD 1112\/2018) , per exemple:<\/p>\n<ul>\n<li>Informar sobre qualsevol possible incompliment per part daquest lloc web.<\/li>\n<li>Transmetre altres dificultats dacc\u00e9s al contingut.<\/li>\n<li>Formular qualsevol altra consulta o suggeriment de millora relativa a laccessibilitat del lloc web.<\/li>\n<\/ul>\n<p>Si us plau no dubtis en posar-te en contacte amb nosaltres a<strong> egamecourt@gmail.com<\/strong> o al tel\u00e8fon <strong>(+34) 623 355 102<\/strong><\/p>\n<p><strong>Pots presentar:<\/strong><\/p>\n<ul>\n<li>Una queixa relativa al compliment dels requisits del RD 1112\/2018 o<\/li>\n<li>una sol\u00b7licitud d&#8217;informaci\u00f3 accessible relativa a:\n<ul>\n<li>o continguts que estan exclosos de l\u00e0mbit daplicaci\u00f3 del RD 1112\/2018 segons el que estableix larticle 3, apartat 4<\/li>\n<li>o continguts que estan exempts del compliment dels requisits daccessibilitat per imposar una c\u00e0rrega desproporcionada.<\/li>\n<\/ul>\n<\/li>\n<\/ul>\n<p>A la Sol\u00b7licitud d&#8217;informaci\u00f3 accessible, cal concretar, amb tota claredat, els fets, les raons i la petici\u00f3 que permetin constatar que es tracta d&#8217;una sol\u00b7licitud raonable i leg\u00edtima.<\/p>\n<p>Les comunicacions, les queixes i les sol\u00b7licituds d&#8217;informaci\u00f3 accessibles seran rebudes i tractades per EGAMECOURT, SL.<\/p>\n<p><strong>Procediment d&#8217;aplicaci\u00f3<\/strong><\/p>\n<p>Si una vegada realitzada una sol\u00b7licitud d&#8217;informaci\u00f3 accessible o queixa, aquesta ha estat desestimada, no s&#8217;estigu\u00e9s d&#8217;acord amb la decisi\u00f3 adoptada, o la resposta no compl\u00eds els requisits que preveu l&#8217;article 12.5, la persona interessada pot iniciar una reclamaci\u00f3. Igualment es podr\u00e0 iniciar una reclamaci\u00f3 en cas que hagi transcorregut el termini de vint dies h\u00e0bils sense haver obtingut resposta.<\/p>\n<p>La reclamaci\u00f3 es pot presentar a trav\u00e9s del correu electr\u00f2nic o tel\u00e8fon facilitats. Les reclamacions seran rebudes i tractades per EGAMECOURT, SL.<\/p>\n<p><strong>Contingut opcional<\/strong><br \/>\nEl nostre lloc web ha estat dissenyat i desenvolupat amb l&#8217;objectiu de ser el m\u00e9s accessible possible, incloent-hi caracter\u00edstiques com:<\/p>\n<ul>\n<li>Compatibilitat amb programari de lectura de pantalla.<\/li>\n<li>Navegaci\u00f3 amb teclat.<\/li>\n<li>Text alternatiu en imatges i elements multim\u00e8dia.<\/li>\n<li>Contrast suficient entre el text i el fons.<\/li>\n<li>Estructura clara i organitzada de la informaci\u00f3.<\/li>\n<\/ul>\n<p><strong>La versi\u00f3 actualment visible d&#8217;aquest lloc web \u00e9s del 09 de Setembre del 2024 i en aquell moment es va fer la revisi\u00f3 del nivell d&#8217;accessibilitat en aquell moment.<\/strong><\/p>\n<p>A partir de la data esmentada es duen a terme revisions peri\u00f2diques del contingut web nou o modificat per tal d&#8217;assegurar el compliment dels requeriments d&#8217;accessibilitat.<\/p>\n<\/div><\/div><\/div><\/div><\/div><\/p>\n","protected":false},"excerpt":{"rendered":"","protected":false},"author":1,"featured_media":0,"parent":0,"menu_order":0,"comment_status":"closed","ping_status":"closed","template":"100-width.php","meta":{"footnotes":""},"class_list":["post-843","page","type-page","status-publish","hentry"],"yoast_head":"<!-- This site is optimized with the Yoast SEO plugin v27.1.1 - https:\/\/yoast.com\/product\/yoast-seo-wordpress\/ -->\n<title>Declaraci\u00f3 d&#039;accessibilitat - Escapis<\/title>\n<meta name=\"robots\" content=\"noindex, follow\" \/>\n<meta property=\"og:locale\" content=\"ca_ES\" \/>\n<meta property=\"og:type\" content=\"article\" \/>\n<meta property=\"og:title\" content=\"Declaraci\u00f3 d&#039;accessibilitat - Escapis\" \/>\n<meta property=\"og:url\" content=\"https:\/\/www.escapis.cat\/ca\/declaracio-daccessibilitat\/\" \/>\n<meta property=\"og:site_name\" content=\"Escapis\" \/>\n<meta property=\"article:publisher\" content=\"https:\/\/www.facebook.com\/EscapisGirona\/\" \/>\n<meta property=\"article:modified_time\" content=\"2024-09-09T11:07:21+00:00\" \/>\n<meta name=\"twitter:card\" content=\"summary_large_image\" \/>\n<meta name=\"twitter:label1\" content=\"Temps estimat de lectura\" \/>\n\t<meta name=\"twitter:data1\" content=\"6 minuts\" \/>\n<script type=\"application\/ld+json\" class=\"yoast-schema-graph\">{\"@context\":\"https:\/\/schema.org\",\"@graph\":[{\"@type\":\"WebPage\",\"@id\":\"https:\/\/www.escapis.cat\/ca\/declaracio-daccessibilitat\/\",\"url\":\"https:\/\/www.escapis.cat\/ca\/declaracio-daccessibilitat\/\",\"name\":\"Declaraci\u00f3 d'accessibilitat - Escapis\",\"isPartOf\":{\"@id\":\"https:\/\/www.escapis.cat\/#website\"},\"datePublished\":\"2023-10-16T15:37:18+00:00\",\"dateModified\":\"2024-09-09T11:07:21+00:00\",\"breadcrumb\":{\"@id\":\"https:\/\/www.escapis.cat\/ca\/declaracio-daccessibilitat\/#breadcrumb\"},\"inLanguage\":\"ca\",\"potentialAction\":[{\"@type\":\"ReadAction\",\"target\":[\"https:\/\/www.escapis.cat\/ca\/declaracio-daccessibilitat\/\"]}]},{\"@type\":\"BreadcrumbList\",\"@id\":\"https:\/\/www.escapis.cat\/ca\/declaracio-daccessibilitat\/#breadcrumb\",\"itemListElement\":[{\"@type\":\"ListItem\",\"position\":1,\"name\":\"Inici\",\"item\":\"https:\/\/www.escapis.cat\/ca\/\"},{\"@type\":\"ListItem\",\"position\":2,\"name\":\"Declaraci\u00f3 d&#8217;accessibilitat\"}]},{\"@type\":\"WebSite\",\"@id\":\"https:\/\/www.escapis.cat\/#website\",\"url\":\"https:\/\/www.escapis.cat\/\",\"name\":\"Escapis\",\"description\":\"\",\"publisher\":{\"@id\":\"https:\/\/www.escapis.cat\/#organization\"},\"potentialAction\":[{\"@type\":\"SearchAction\",\"target\":{\"@type\":\"EntryPoint\",\"urlTemplate\":\"https:\/\/www.escapis.cat\/?s={search_term_string}\"},\"query-input\":{\"@type\":\"PropertyValueSpecification\",\"valueRequired\":true,\"valueName\":\"search_term_string\"}}],\"inLanguage\":\"ca\"},{\"@type\":\"Organization\",\"@id\":\"https:\/\/www.escapis.cat\/#organization\",\"name\":\"Escapis\",\"url\":\"https:\/\/www.escapis.cat\/\",\"logo\":{\"@type\":\"ImageObject\",\"inLanguage\":\"ca\",\"@id\":\"https:\/\/www.escapis.cat\/#\/schema\/logo\/image\/\",\"url\":\"https:\/\/www.escapis.cat\/wp-content\/uploads\/2023\/10\/escuela.jpg\",\"contentUrl\":\"https:\/\/www.escapis.cat\/wp-content\/uploads\/2023\/10\/escuela.jpg\",\"width\":1448,\"height\":1099,\"caption\":\"Escapis\"},\"image\":{\"@id\":\"https:\/\/www.escapis.cat\/#\/schema\/logo\/image\/\"},\"sameAs\":[\"https:\/\/www.facebook.com\/EscapisGirona\/\",\"https:\/\/www.instagram.com\/escapisgirona\/\"]}]}<\/script>\n<!-- \/ Yoast SEO plugin. -->","yoast_head_json":{"title":"Declaraci\u00f3 d'accessibilitat - Escapis","robots":{"index":"noindex","follow":"follow"},"og_locale":"ca_ES","og_type":"article","og_title":"Declaraci\u00f3 d'accessibilitat - Escapis","og_url":"https:\/\/www.escapis.cat\/ca\/declaracio-daccessibilitat\/","og_site_name":"Escapis","article_publisher":"https:\/\/www.facebook.com\/EscapisGirona\/","article_modified_time":"2024-09-09T11:07:21+00:00","twitter_card":"summary_large_image","twitter_misc":{"Temps estimat de lectura":"6 minuts"},"schema":{"@context":"https:\/\/schema.org","@graph":[{"@type":"WebPage","@id":"https:\/\/www.escapis.cat\/ca\/declaracio-daccessibilitat\/","url":"https:\/\/www.escapis.cat\/ca\/declaracio-daccessibilitat\/","name":"Declaraci\u00f3 d'accessibilitat - Escapis","isPartOf":{"@id":"https:\/\/www.escapis.cat\/#website"},"datePublished":"2023-10-16T15:37:18+00:00","dateModified":"2024-09-09T11:07:21+00:00","breadcrumb":{"@id":"https:\/\/www.escapis.cat\/ca\/declaracio-daccessibilitat\/#breadcrumb"},"inLanguage":"ca","potentialAction":[{"@type":"ReadAction","target":["https:\/\/www.escapis.cat\/ca\/declaracio-daccessibilitat\/"]}]},{"@type":"BreadcrumbList","@id":"https:\/\/www.escapis.cat\/ca\/declaracio-daccessibilitat\/#breadcrumb","itemListElement":[{"@type":"ListItem","position":1,"name":"Inici","item":"https:\/\/www.escapis.cat\/ca\/"},{"@type":"ListItem","position":2,"name":"Declaraci\u00f3 d&#8217;accessibilitat"}]},{"@type":"WebSite","@id":"https:\/\/www.escapis.cat\/#website","url":"https:\/\/www.escapis.cat\/","name":"Escapis","description":"","publisher":{"@id":"https:\/\/www.escapis.cat\/#organization"},"potentialAction":[{"@type":"SearchAction","target":{"@type":"EntryPoint","urlTemplate":"https:\/\/www.escapis.cat\/?s={search_term_string}"},"query-input":{"@type":"PropertyValueSpecification","valueRequired":true,"valueName":"search_term_string"}}],"inLanguage":"ca"},{"@type":"Organization","@id":"https:\/\/www.escapis.cat\/#organization","name":"Escapis","url":"https:\/\/www.escapis.cat\/","logo":{"@type":"ImageObject","inLanguage":"ca","@id":"https:\/\/www.escapis.cat\/#\/schema\/logo\/image\/","url":"https:\/\/www.escapis.cat\/wp-content\/uploads\/2023\/10\/escuela.jpg","contentUrl":"https:\/\/www.escapis.cat\/wp-content\/uploads\/2023\/10\/escuela.jpg","width":1448,"height":1099,"caption":"Escapis"},"image":{"@id":"https:\/\/www.escapis.cat\/#\/schema\/logo\/image\/"},"sameAs":["https:\/\/www.facebook.com\/EscapisGirona\/","https:\/\/www.instagram.com\/escapisgirona\/"]}]}},"_links":{"self":[{"href":"https:\/\/www.escapis.cat\/ca\/wp-json\/wp\/v2\/pages\/843","targetHints":{"allow":["GET"]}}],"collection":[{"href":"https:\/\/www.escapis.cat\/ca\/wp-json\/wp\/v2\/pages"}],"about":[{"href":"https:\/\/www.escapis.cat\/ca\/wp-json\/wp\/v2\/types\/page"}],"author":[{"embeddable":true,"href":"https:\/\/www.escapis.cat\/ca\/wp-json\/wp\/v2\/users\/1"}],"replies":[{"embeddable":true,"href":"https:\/\/www.escapis.cat\/ca\/wp-json\/wp\/v2\/comments?post=843"}],"version-history":[{"count":0,"href":"https:\/\/www.escapis.cat\/ca\/wp-json\/wp\/v2\/pages\/843\/revisions"}],"wp:attachment":[{"href":"https:\/\/www.escapis.cat\/ca\/wp-json\/wp\/v2\/media?parent=843"}],"curies":[{"name":"wp","href":"https:\/\/api.w.org\/{rel}","templated":true}]}}