{"id":3294,"date":"2025-09-01T12:18:21","date_gmt":"2025-09-01T10:18:21","guid":{"rendered":"https:\/\/www.escapis.cat\/?page_id=3294"},"modified":"2025-09-01T15:17:17","modified_gmt":"2025-09-01T13:17:17","slug":"tria-la-teva-experiencia","status":"publish","type":"page","link":"https:\/\/www.escapis.cat\/ca\/tria-la-teva-experiencia\/","title":{"rendered":"Tria la teva experi\u00e8ncia"},"content":{"rendered":"<div id=\"cards\" class=\"fusion-container-anchor\"><div class=\"fusion-fullwidth fullwidth-box fusion-builder-row-1 fusion-flex-container has-pattern-background has-mask-background nonhundred-percent-fullwidth non-hundred-percent-height-scrolling\" style=\"--awb-background-position:center top;--awb-border-radius-top-left:0px;--awb-border-radius-top-right:0px;--awb-border-radius-bottom-right:0px;--awb-border-radius-bottom-left:0px;--awb-padding-top:100px;--awb-padding-bottom:71px;--awb-margin-top:0px;--awb-background-color:var(--awb-color4);--awb-flex-wrap:wrap;\" ><div class=\"fusion-builder-row fusion-row fusion-flex-align-items-stretch fusion-flex-align-content-center fusion-flex-justify-content-center fusion-flex-content-wrap\" style=\"max-width:1248px;margin-left: calc(-4% \/ 2 );margin-right: calc(-4% \/ 2 );\"><div class=\"fusion-layout-column fusion_builder_column fusion-builder-column-0 fusion_builder_column_1_1 1_1 fusion-flex-column\" style=\"--awb-bg-size:cover;--awb-width-large:100%;--awb-margin-top-large:0px;--awb-spacing-right-large:1.92%;--awb-margin-bottom-large:20px;--awb-spacing-left-large:1.92%;--awb-width-medium:100%;--awb-order-medium:0;--awb-spacing-right-medium:1.92%;--awb-spacing-left-medium:1.92%;--awb-width-small:100%;--awb-order-small:0;--awb-spacing-right-small:1.92%;--awb-spacing-left-small:1.92%;\"><div class=\"fusion-column-wrapper fusion-column-has-shadow fusion-flex-justify-content-flex-start fusion-content-layout-column\"><div class=\"fusion-title title fusion-title-1 fusion-sep-none fusion-title-text fusion-title-size-two\" style=\"--awb-text-color:#ffffff;\"><h2 class=\"fusion-title-heading title-heading-left fusion-responsive-typography-calculated\" style=\"margin:0;--fontSize:40;line-height:var(--awb-typography1-line-height);\"><h2 style=\"text-align: center;\" data-pm-slice=\"1 1 &#091;&#093;\">Jocs a mesura per la teva empresa o grup<\/h2><\/h2><\/div><div class=\"fusion-text fusion-text-1\"><p style=\"text-align: left;\"><b style=\"background-color: rgba(0, 0, 0, 0); color: #ffffff; font-size: 21px; letter-spacing: 0.24px;\">A Escapis no nom\u00e9s som una sala d&#8217;escape room. Tenim molta experi\u00e8ncia dissenyant i organitzant jocs. T&#8217;escoltem i ens adaptem al format que necessitis: Team building per a empreses, Activitats de Afterwork, Festes privades i altres celebracions!<\/b><\/p>\n<\/div><\/div><\/div><div class=\"fusion-layout-column fusion_builder_column fusion-builder-column-1 fusion_builder_column_1_2 1_2 fusion-flex-column fusion-column-inner-bg-wrapper\" style=\"--awb-overflow:hidden;--awb-inner-bg-color:#ffffff;--awb-inner-bg-color-hover:#ffffff;--awb-inner-bg-size:cover;--awb-box-shadow:12px 12px 15px -6px rgba(28,28,28,0.23);;--awb-transition:filter 300ms ease-in-out, transform 300ms ease-in-out, background-color 300ms ease-in-out, border-color 300ms ease-in-out;--awb-border-radius:20px 20px 20px 20px;--awb-inner-bg-border-radius:20px 20px 20px 20px;--awb-inner-bg-overflow:hidden;--awb-transform:scaleX(1.00) scaleY(1.00);--awb-transform-hover:scaleX(1.06) scaleY(1.06);--awb-width-large:50%;--awb-margin-top-large:0px;--awb-spacing-right-large:3.84%;--awb-margin-bottom-large:20px;--awb-spacing-left-large:3.84%;--awb-width-medium:50%;--awb-order-medium:0;--awb-spacing-right-medium:3.84%;--awb-spacing-left-medium:3.84%;--awb-width-small:100%;--awb-order-small:0;--awb-spacing-right-small:1.92%;--awb-margin-bottom-small:30px;--awb-spacing-left-small:1.92%;\" data-scroll-devices=\"small-visibility,medium-visibility,large-visibility\"><span class=\"fusion-column-inner-bg hover-type-none\"><a class=\"fusion-column-anchor\" href=\"https:\/\/www.escapis.cat\/ca\/tria-la-teva-experiencia\/jocs-a-domicili\/\"><span class=\"fusion-column-inner-bg-image\"><\/span><\/a><\/span><div class=\"fusion-column-wrapper fusion-column-has-shadow fusion-flex-justify-content-flex-start fusion-content-layout-column\"><div class=\"fusion-image-element \" style=\"text-align:center;--awb-aspect-ratio:2 \/ 1;--awb-object-position:38% 50%;--awb-margin-top:0px;--awb-margin-right:0px;--awb-margin-bottom:0px;--awb-caption-title-font-family:var(--h2_typography-font-family);--awb-caption-title-font-weight:var(--h2_typography-font-weight);--awb-caption-title-font-style:var(--h2_typography-font-style);--awb-caption-title-size:var(--h2_typography-font-size);--awb-caption-title-transform:var(--h2_typography-text-transform);--awb-caption-title-line-height:var(--h2_typography-line-height);--awb-caption-title-letter-spacing:var(--h2_typography-letter-spacing);\"><span class=\" fusion-imageframe imageframe-none imageframe-1 hover-type-none has-aspect-ratio\"><img decoding=\"async\" width=\"1423\" height=\"485\" alt=\"La escuela\" title=\"carruselideal\" src=\"https:\/\/www.escapis.cat\/wp-content\/uploads\/2025\/08\/carruselideal.jpg\" class=\"img-responsive wp-image-3266 img-with-aspect-ratio\" srcset=\"https:\/\/www.escapis.cat\/wp-content\/uploads\/2025\/08\/carruselideal-200x68.jpg 200w, https:\/\/www.escapis.cat\/wp-content\/uploads\/2025\/08\/carruselideal-400x136.jpg 400w, https:\/\/www.escapis.cat\/wp-content\/uploads\/2025\/08\/carruselideal-600x204.jpg 600w, https:\/\/www.escapis.cat\/wp-content\/uploads\/2025\/08\/carruselideal-800x273.jpg 800w, https:\/\/www.escapis.cat\/wp-content\/uploads\/2025\/08\/carruselideal-1200x409.jpg 1200w, https:\/\/www.escapis.cat\/wp-content\/uploads\/2025\/08\/carruselideal.jpg 1423w\" sizes=\"(max-width: 640px) 100vw, 600px\" \/><\/span><\/div><div class=\"fusion-builder-row fusion-builder-row-inner fusion-row fusion-flex-align-items-stretch fusion-flex-align-content-center fusion-flex-justify-content-center fusion-flex-content-wrap\" style=\"width:104% !important;max-width:104% !important;margin-left: calc(-4% \/ 2 );margin-right: calc(-4% \/ 2 );\"><div class=\"fusion-layout-column fusion_builder_column_inner fusion-builder-nested-column-0 fusion_builder_column_inner_1_1 1_1 fusion-flex-column\" style=\"--awb-padding-top:10px;--awb-padding-right:20px;--awb-padding-left:20px;--awb-padding-right-small:15px;--awb-padding-left-small:15px;--awb-bg-size:cover;--awb-width-large:100%;--awb-margin-top-large:0px;--awb-spacing-right-large:1.92%;--awb-margin-bottom-large:0px;--awb-spacing-left-large:1.92%;--awb-width-medium:100%;--awb-order-medium:0;--awb-spacing-right-medium:1.92%;--awb-spacing-left-medium:1.92%;--awb-width-small:100%;--awb-order-small:0;--awb-spacing-right-small:1.92%;--awb-spacing-left-small:1.92%;\"><div class=\"fusion-column-wrapper fusion-column-has-shadow fusion-flex-justify-content-flex-start fusion-content-layout-column\"><div class=\"fusion-title title fusion-title-2 fusion-sep-none fusion-title-text fusion-title-size-four\"><h4 class=\"fusion-title-heading title-heading-left fusion-responsive-typography-calculated\" style=\"margin:0;--fontSize:28;line-height:var(--awb-typography1-line-height);\"><p data-pm-slice=\"1 1 &#091;&#093;\">Jocs i missions interactives<\/p><\/h4><\/div><div class=\"fusion-text fusion-text-2\"><p data-pm-slice=\"1 1 &#091;&#093;\">Hist\u00f2ries immersives on cada participant t\u00e9 un paper clau: les pistes, els reptes i la trama et guiaran cap a la soluci\u00f3.<\/p>\n<p data-pm-slice=\"1 1 &#091;&#093;\"><strong>De 8 a 60 persones.<\/strong><\/p>\n<\/div><\/div><\/div><\/div><\/div><\/div><div class=\"fusion-layout-column fusion_builder_column fusion-builder-column-2 fusion_builder_column_1_2 1_2 fusion-flex-column cardcss fusion-column-inner-bg-wrapper\" style=\"--awb-overflow:hidden;--awb-inner-bg-color:var(--awb-color1);--awb-inner-bg-color-hover:var(--awb-color1);--awb-inner-bg-size:cover;--awb-box-shadow:12px 12px 15px -6px rgba(28,28,28,0.23);;--awb-border-radius:20px 20px 20px 20px;--awb-inner-bg-border-radius:20px 20px 20px 20px;--awb-inner-bg-overflow:hidden;--awb-transform:scaleX(1.00) scaleY(1.00);--awb-transform-hover:scaleX(1.06) scaleY(1.06);--awb-width-large:50%;--awb-margin-top-large:0px;--awb-spacing-right-large:3.84%;--awb-margin-bottom-large:20px;--awb-spacing-left-large:3.84%;--awb-width-medium:50%;--awb-order-medium:0;--awb-spacing-right-medium:3.84%;--awb-spacing-left-medium:3.84%;--awb-width-small:100%;--awb-order-small:0;--awb-spacing-right-small:1.92%;--awb-margin-bottom-small:30px;--awb-spacing-left-small:1.92%;\" data-scroll-devices=\"small-visibility,medium-visibility,large-visibility\"><span class=\"fusion-column-inner-bg hover-type-none\"><a class=\"fusion-column-anchor\" href=\"https:\/\/www.escapis.cat\/ca\/tria-la-teva-experiencia\/tallers-creatius\/\"><span class=\"fusion-column-inner-bg-image\"><\/span><\/a><\/span><div class=\"fusion-column-wrapper fusion-column-has-shadow fusion-flex-justify-content-flex-start fusion-content-layout-column\"><div class=\"fusion-image-element \" style=\"text-align:center;--awb-aspect-ratio:2 \/ 1;--awb-caption-title-font-family:var(--h2_typography-font-family);--awb-caption-title-font-weight:var(--h2_typography-font-weight);--awb-caption-title-font-style:var(--h2_typography-font-style);--awb-caption-title-size:var(--h2_typography-font-size);--awb-caption-title-transform:var(--h2_typography-text-transform);--awb-caption-title-line-height:var(--h2_typography-line-height);--awb-caption-title-letter-spacing:var(--h2_typography-letter-spacing);\"><span class=\" fusion-imageframe imageframe-none imageframe-2 hover-type-none has-aspect-ratio\"><img decoding=\"async\" width=\"1475\" height=\"1120\" title=\"CUSTOM JEANS JACKETTS\" src=\"https:\/\/www.escapis.cat\/wp-content\/uploads\/2025\/08\/CUSTOM-JEANS-JACKETTS.jpg\" class=\"img-responsive wp-image-3303 img-with-aspect-ratio\" alt srcset=\"https:\/\/www.escapis.cat\/wp-content\/uploads\/2025\/08\/CUSTOM-JEANS-JACKETTS-200x152.jpg 200w, https:\/\/www.escapis.cat\/wp-content\/uploads\/2025\/08\/CUSTOM-JEANS-JACKETTS-400x304.jpg 400w, https:\/\/www.escapis.cat\/wp-content\/uploads\/2025\/08\/CUSTOM-JEANS-JACKETTS-600x456.jpg 600w, https:\/\/www.escapis.cat\/wp-content\/uploads\/2025\/08\/CUSTOM-JEANS-JACKETTS-800x607.jpg 800w, https:\/\/www.escapis.cat\/wp-content\/uploads\/2025\/08\/CUSTOM-JEANS-JACKETTS-1200x911.jpg 1200w, https:\/\/www.escapis.cat\/wp-content\/uploads\/2025\/08\/CUSTOM-JEANS-JACKETTS.jpg 1475w\" sizes=\"(max-width: 640px) 100vw, 600px\" \/><\/span><\/div><div class=\"fusion-builder-row fusion-builder-row-inner fusion-row fusion-flex-align-items-stretch fusion-flex-align-content-center fusion-flex-justify-content-center fusion-flex-content-wrap\" style=\"width:104% !important;max-width:104% !important;margin-left: calc(-4% \/ 2 );margin-right: calc(-4% \/ 2 );\"><div class=\"fusion-layout-column fusion_builder_column_inner fusion-builder-nested-column-1 fusion_builder_column_inner_1_1 1_1 fusion-flex-column\" style=\"--awb-padding-top:10px;--awb-padding-right:20px;--awb-padding-left:20px;--awb-padding-right-small:15px;--awb-padding-left-small:15px;--awb-bg-size:cover;--awb-width-large:100%;--awb-margin-top-large:0px;--awb-spacing-right-large:1.92%;--awb-margin-bottom-large:0px;--awb-spacing-left-large:1.92%;--awb-width-medium:100%;--awb-order-medium:0;--awb-spacing-right-medium:1.92%;--awb-spacing-left-medium:1.92%;--awb-width-small:100%;--awb-order-small:0;--awb-spacing-right-small:1.92%;--awb-spacing-left-small:1.92%;\"><div class=\"fusion-column-wrapper fusion-column-has-shadow fusion-flex-justify-content-flex-start fusion-content-layout-column\"><div class=\"fusion-title title fusion-title-3 fusion-sep-none fusion-title-text fusion-title-size-four\"><h4 class=\"fusion-title-heading title-heading-left fusion-responsive-typography-calculated\" style=\"margin:0;--fontSize:28;line-height:var(--awb-typography1-line-height);\"><p data-pm-slice=\"1 1 &#091;&#093;\">Tallers creatius<\/p><\/h4><\/div><div class=\"fusion-text fusion-text-3\"><p data-pm-slice=\"1 1 &#091;&#093;\">Experi\u00e8ncies \u00faniques per a fer la teva pr\u00f2pia creaci\u00f3: dissenya la teva pr\u00f2pia jaqueta o prepara el teu perfum personalitzat.<\/p>\n<p data-pm-slice=\"1 1 &#091;&#093;\"><strong>De 8 a 60 persones.<\/strong><\/p>\n<\/div><\/div><\/div><\/div><\/div><\/div><\/div><\/div><\/div>\n","protected":false},"excerpt":{"rendered":"","protected":false},"author":4,"featured_media":362,"parent":0,"menu_order":0,"comment_status":"closed","ping_status":"closed","template":"100-width.php","meta":{"footnotes":""},"class_list":["post-3294","page","type-page","status-publish","has-post-thumbnail","hentry"],"yoast_head":"<!-- This site is optimized with the Yoast SEO plugin v27.1.1 - https:\/\/yoast.com\/product\/yoast-seo-wordpress\/ -->\n<title>Escapis | Escape Room Girona<\/title>\n<meta name=\"description\" content=\"Despr\u00e9s de 10 anys dissenyant jocs, comptem amb opcions per a totes les edats i nivells, tant presencials com a domicili.\" \/>\n<meta name=\"robots\" content=\"index, follow, max-snippet:-1, max-image-preview:large, max-video-preview:-1\" \/>\n<link rel=\"canonical\" href=\"https:\/\/www.escapis.cat\/ca\/tria-la-teva-experiencia\/\" \/>\n<meta property=\"og:locale\" content=\"ca_ES\" \/>\n<meta property=\"og:type\" content=\"article\" \/>\n<meta property=\"og:title\" content=\"Escapis | Escape Room Girona\" \/>\n<meta property=\"og:description\" content=\"Despr\u00e9s de 10 anys dissenyant jocs, comptem amb opcions per a totes les edats i nivells, tant presencials com a domicili.\" \/>\n<meta property=\"og:url\" content=\"https:\/\/www.escapis.cat\/ca\/tria-la-teva-experiencia\/\" \/>\n<meta property=\"og:site_name\" content=\"Escapis\" \/>\n<meta property=\"article:publisher\" content=\"https:\/\/www.facebook.com\/EscapisGirona\/\" \/>\n<meta property=\"article:modified_time\" content=\"2025-09-01T13:17:17+00:00\" \/>\n<meta property=\"og:image\" content=\"https:\/\/www.escapis.cat\/wp-content\/uploads\/2023\/10\/la-escuela.jpg\" \/>\n\t<meta property=\"og:image:width\" content=\"1475\" \/>\n\t<meta property=\"og:image:height\" content=\"1120\" \/>\n\t<meta property=\"og:image:type\" content=\"image\/jpeg\" \/>\n<meta name=\"twitter:card\" content=\"summary_large_image\" \/>\n<meta name=\"twitter:label1\" content=\"Temps estimat de lectura\" \/>\n\t<meta name=\"twitter:data1\" content=\"2 minuts\" \/>\n<script type=\"application\/ld+json\" class=\"yoast-schema-graph\">{\"@context\":\"https:\/\/schema.org\",\"@graph\":[{\"@type\":\"WebPage\",\"@id\":\"https:\/\/www.escapis.cat\/ca\/tria-la-teva-experiencia\/\",\"url\":\"https:\/\/www.escapis.cat\/ca\/tria-la-teva-experiencia\/\",\"name\":\"Escapis | Escape Room Girona\",\"isPartOf\":{\"@id\":\"https:\/\/www.escapis.cat\/#website\"},\"primaryImageOfPage\":{\"@id\":\"https:\/\/www.escapis.cat\/ca\/tria-la-teva-experiencia\/#primaryimage\"},\"image\":{\"@id\":\"https:\/\/www.escapis.cat\/ca\/tria-la-teva-experiencia\/#primaryimage\"},\"thumbnailUrl\":\"https:\/\/www.escapis.cat\/wp-content\/uploads\/2023\/10\/la-escuela.jpg\",\"datePublished\":\"2025-09-01T10:18:21+00:00\",\"dateModified\":\"2025-09-01T13:17:17+00:00\",\"description\":\"Despr\u00e9s de 10 anys dissenyant jocs, comptem amb opcions per a totes les edats i nivells, tant presencials com a domicili.\",\"breadcrumb\":{\"@id\":\"https:\/\/www.escapis.cat\/ca\/tria-la-teva-experiencia\/#breadcrumb\"},\"inLanguage\":\"ca\",\"potentialAction\":[{\"@type\":\"ReadAction\",\"target\":[\"https:\/\/www.escapis.cat\/ca\/tria-la-teva-experiencia\/\"]}]},{\"@type\":\"ImageObject\",\"inLanguage\":\"ca\",\"@id\":\"https:\/\/www.escapis.cat\/ca\/tria-la-teva-experiencia\/#primaryimage\",\"url\":\"https:\/\/www.escapis.cat\/wp-content\/uploads\/2023\/10\/la-escuela.jpg\",\"contentUrl\":\"https:\/\/www.escapis.cat\/wp-content\/uploads\/2023\/10\/la-escuela.jpg\",\"width\":1475,\"height\":1120},{\"@type\":\"BreadcrumbList\",\"@id\":\"https:\/\/www.escapis.cat\/ca\/tria-la-teva-experiencia\/#breadcrumb\",\"itemListElement\":[{\"@type\":\"ListItem\",\"position\":1,\"name\":\"Inici\",\"item\":\"https:\/\/www.escapis.cat\/ca\/\"},{\"@type\":\"ListItem\",\"position\":2,\"name\":\"Tria la teva experi\u00e8ncia\"}]},{\"@type\":\"WebSite\",\"@id\":\"https:\/\/www.escapis.cat\/#website\",\"url\":\"https:\/\/www.escapis.cat\/\",\"name\":\"Escapis\",\"description\":\"\",\"publisher\":{\"@id\":\"https:\/\/www.escapis.cat\/#organization\"},\"potentialAction\":[{\"@type\":\"SearchAction\",\"target\":{\"@type\":\"EntryPoint\",\"urlTemplate\":\"https:\/\/www.escapis.cat\/?s={search_term_string}\"},\"query-input\":{\"@type\":\"PropertyValueSpecification\",\"valueRequired\":true,\"valueName\":\"search_term_string\"}}],\"inLanguage\":\"ca\"},{\"@type\":\"Organization\",\"@id\":\"https:\/\/www.escapis.cat\/#organization\",\"name\":\"Escapis\",\"url\":\"https:\/\/www.escapis.cat\/\",\"logo\":{\"@type\":\"ImageObject\",\"inLanguage\":\"ca\",\"@id\":\"https:\/\/www.escapis.cat\/#\/schema\/logo\/image\/\",\"url\":\"https:\/\/www.escapis.cat\/wp-content\/uploads\/2023\/10\/escuela.jpg\",\"contentUrl\":\"https:\/\/www.escapis.cat\/wp-content\/uploads\/2023\/10\/escuela.jpg\",\"width\":1448,\"height\":1099,\"caption\":\"Escapis\"},\"image\":{\"@id\":\"https:\/\/www.escapis.cat\/#\/schema\/logo\/image\/\"},\"sameAs\":[\"https:\/\/www.facebook.com\/EscapisGirona\/\",\"https:\/\/www.instagram.com\/escapisgirona\/\"]}]}<\/script>\n<!-- \/ Yoast SEO plugin. -->","yoast_head_json":{"title":"Escapis | Escape Room Girona","description":"Despr\u00e9s de 10 anys dissenyant jocs, comptem amb opcions per a totes les edats i nivells, tant presencials com a domicili.","robots":{"index":"index","follow":"follow","max-snippet":"max-snippet:-1","max-image-preview":"max-image-preview:large","max-video-preview":"max-video-preview:-1"},"canonical":"https:\/\/www.escapis.cat\/ca\/tria-la-teva-experiencia\/","og_locale":"ca_ES","og_type":"article","og_title":"Escapis | Escape Room Girona","og_description":"Despr\u00e9s de 10 anys dissenyant jocs, comptem amb opcions per a totes les edats i nivells, tant presencials com a domicili.","og_url":"https:\/\/www.escapis.cat\/ca\/tria-la-teva-experiencia\/","og_site_name":"Escapis","article_publisher":"https:\/\/www.facebook.com\/EscapisGirona\/","article_modified_time":"2025-09-01T13:17:17+00:00","og_image":[{"width":1475,"height":1120,"url":"https:\/\/www.escapis.cat\/wp-content\/uploads\/2023\/10\/la-escuela.jpg","type":"image\/jpeg"}],"twitter_card":"summary_large_image","twitter_misc":{"Temps estimat de lectura":"2 minuts"},"schema":{"@context":"https:\/\/schema.org","@graph":[{"@type":"WebPage","@id":"https:\/\/www.escapis.cat\/ca\/tria-la-teva-experiencia\/","url":"https:\/\/www.escapis.cat\/ca\/tria-la-teva-experiencia\/","name":"Escapis | Escape Room Girona","isPartOf":{"@id":"https:\/\/www.escapis.cat\/#website"},"primaryImageOfPage":{"@id":"https:\/\/www.escapis.cat\/ca\/tria-la-teva-experiencia\/#primaryimage"},"image":{"@id":"https:\/\/www.escapis.cat\/ca\/tria-la-teva-experiencia\/#primaryimage"},"thumbnailUrl":"https:\/\/www.escapis.cat\/wp-content\/uploads\/2023\/10\/la-escuela.jpg","datePublished":"2025-09-01T10:18:21+00:00","dateModified":"2025-09-01T13:17:17+00:00","description":"Despr\u00e9s de 10 anys dissenyant jocs, comptem amb opcions per a totes les edats i nivells, tant presencials com a domicili.","breadcrumb":{"@id":"https:\/\/www.escapis.cat\/ca\/tria-la-teva-experiencia\/#breadcrumb"},"inLanguage":"ca","potentialAction":[{"@type":"ReadAction","target":["https:\/\/www.escapis.cat\/ca\/tria-la-teva-experiencia\/"]}]},{"@type":"ImageObject","inLanguage":"ca","@id":"https:\/\/www.escapis.cat\/ca\/tria-la-teva-experiencia\/#primaryimage","url":"https:\/\/www.escapis.cat\/wp-content\/uploads\/2023\/10\/la-escuela.jpg","contentUrl":"https:\/\/www.escapis.cat\/wp-content\/uploads\/2023\/10\/la-escuela.jpg","width":1475,"height":1120},{"@type":"BreadcrumbList","@id":"https:\/\/www.escapis.cat\/ca\/tria-la-teva-experiencia\/#breadcrumb","itemListElement":[{"@type":"ListItem","position":1,"name":"Inici","item":"https:\/\/www.escapis.cat\/ca\/"},{"@type":"ListItem","position":2,"name":"Tria la teva experi\u00e8ncia"}]},{"@type":"WebSite","@id":"https:\/\/www.escapis.cat\/#website","url":"https:\/\/www.escapis.cat\/","name":"Escapis","description":"","publisher":{"@id":"https:\/\/www.escapis.cat\/#organization"},"potentialAction":[{"@type":"SearchAction","target":{"@type":"EntryPoint","urlTemplate":"https:\/\/www.escapis.cat\/?s={search_term_string}"},"query-input":{"@type":"PropertyValueSpecification","valueRequired":true,"valueName":"search_term_string"}}],"inLanguage":"ca"},{"@type":"Organization","@id":"https:\/\/www.escapis.cat\/#organization","name":"Escapis","url":"https:\/\/www.escapis.cat\/","logo":{"@type":"ImageObject","inLanguage":"ca","@id":"https:\/\/www.escapis.cat\/#\/schema\/logo\/image\/","url":"https:\/\/www.escapis.cat\/wp-content\/uploads\/2023\/10\/escuela.jpg","contentUrl":"https:\/\/www.escapis.cat\/wp-content\/uploads\/2023\/10\/escuela.jpg","width":1448,"height":1099,"caption":"Escapis"},"image":{"@id":"https:\/\/www.escapis.cat\/#\/schema\/logo\/image\/"},"sameAs":["https:\/\/www.facebook.com\/EscapisGirona\/","https:\/\/www.instagram.com\/escapisgirona\/"]}]}},"_links":{"self":[{"href":"https:\/\/www.escapis.cat\/ca\/wp-json\/wp\/v2\/pages\/3294","targetHints":{"allow":["GET"]}}],"collection":[{"href":"https:\/\/www.escapis.cat\/ca\/wp-json\/wp\/v2\/pages"}],"about":[{"href":"https:\/\/www.escapis.cat\/ca\/wp-json\/wp\/v2\/types\/page"}],"author":[{"embeddable":true,"href":"https:\/\/www.escapis.cat\/ca\/wp-json\/wp\/v2\/users\/4"}],"replies":[{"embeddable":true,"href":"https:\/\/www.escapis.cat\/ca\/wp-json\/wp\/v2\/comments?post=3294"}],"version-history":[{"count":22,"href":"https:\/\/www.escapis.cat\/ca\/wp-json\/wp\/v2\/pages\/3294\/revisions"}],"predecessor-version":[{"id":3965,"href":"https:\/\/www.escapis.cat\/ca\/wp-json\/wp\/v2\/pages\/3294\/revisions\/3965"}],"wp:featuredmedia":[{"embeddable":true,"href":"https:\/\/www.escapis.cat\/ca\/wp-json\/wp\/v2\/media\/362"}],"wp:attachment":[{"href":"https:\/\/www.escapis.cat\/ca\/wp-json\/wp\/v2\/media?parent=3294"}],"curies":[{"name":"wp","href":"https:\/\/api.w.org\/{rel}","templated":true}]}}